{"id":57,"date":"2023-08-05T18:33:03","date_gmt":"2023-08-05T16:33:03","guid":{"rendered":"https:\/\/www.occhisulmareapartment.com\/?page_id=57"},"modified":"2023-08-05T21:01:14","modified_gmt":"2023-08-05T19:01:14","slug":"home","status":"publish","type":"page","link":"https:\/\/www.occhisulmareapartment.com\/","title":{"rendered":"Home"},"content":{"rendered":"<section class=\"wpb-content-wrapper\"><p>[vc_row][vc_column][vc_empty_space height=&#8221;30px&#8221;][vc_column_text]<\/p>\n<h2 style=\"text-align: center;\"><strong>CHI SIAMO<\/strong><\/h2>\n<p style=\"text-align: left;\"><span style=\"font-weight: 400;\">La nostra idea nasce dal lavoro di Francesco e Marta che nel 2021 iniziano i lavori di ristrutturazione di un appartamento lasciato dalla nonna Nina, che amava vivere in quella casa e ne ammirava giornalmente il suo panorama, attratta come sempre, dal passaggio delle grandi imbarcazioni che si scorgono al largo e dall&#8217;odore del mare.\u00a0<\/span><\/p>\n<p style=\"text-align: left;\"><span style=\"font-weight: 400;\">Lo stesso amore e cura verso questa casa \u00e8 stata impiegata dal nipote Francesco (insieme la sua compagna Marta) nella procedura di ristrutturazione che l&#8217;appartamento ha subito, rimodernando gli interni e gli esterni, al fine di poterne fare una casa vacanza per tutti coloro che vogliono visitare la nostra terra o semplicemente come sosta di un lungo viaggio.\u00a0<\/span><\/p>\n<p style=\"text-align: left;\"><span style=\"font-weight: 400;\">Il nostro obiettivo non \u00e8 solo quello di farvi vivere una vacanza diversa dalle solite, ma di riuscire a trovare nuovi amici, disposti a condividere esperienze e sinergie al fine di creare una rete di persone che amano viaggiare e scoprire posti nuovi.<\/span><\/p>\n<p style=\"text-align: left;\"><span style=\"font-weight: 400;\">Scegli il nostro Appartamento, Vi aspettiamo!<\/span><\/p>\n<p>[\/vc_column_text][vc_empty_space height=&#8221;60px&#8221;]<div class=\"cq-parallaxcontainer \"  data-speed=\"\" data-coverratio=\"\" data-holderminheight=\"\" data-holdermaxheight=\"\" data-extraheight=\"\" data-target=\"\"><div class=\"cq-parallaximage\" data-image=\"https:\/\/www.occhisulmareapartment.com\/wp-content\/uploads\/2023\/08\/camera-letto-scaled.jpg\" data-width=\"2560\" data-height=\"1889\" data-image-mobile=\"https:\/\/www.occhisulmareapartment.com\/wp-content\/uploads\/2023\/08\/camera-letto-scaled-640x472.jpg\" data-link=\"\"><\/div><section class=\"cq-parallaxsection\" style=\"color:#333;background:#FFF;padding:2% 5%;\"><\/p>\n<h2>Occhi sul mare Apartment<\/h2>\n<p style=\"text-align: left;\"><span style=\"font-weight: 400;\">Vivi l\u2019esperienza di un soggiorno in pieno relax presso il nostro appartamento Occhi Sul Mare.<\/span><\/p>\n<p style=\"text-align: left;\"><span style=\"font-weight: 400;\">Se tranquillit\u00e0 e riposo sono quello che cercate nella vostra vacanza allora il nostro alloggio \u00e8 il posto che fa per voi! Chi non vorrebbe passare una vacanza circondato dal suono delle onde e da una vista mozzafiato?\u00a0<\/span><\/p>\n<p style=\"text-align: left;\"><span style=\"font-weight: 400;\">Occhi Sul Mare apartment propone una serie di soluzioni che rispondono ad ogni vostra esigenza, sia che siate una famiglia, una coppia o un gruppo di amici.<\/span><\/p>\n<p><br \/>\n<\/section><div class=\"cq-parallaximage\" data-image=\"https:\/\/www.occhisulmareapartment.com\/wp-content\/uploads\/2023\/08\/BALCONE-3-1-1-scaled.jpg\" data-width=\"2560\" data-height=\"1708\" data-image-mobile=\"https:\/\/www.occhisulmareapartment.com\/wp-content\/uploads\/2023\/08\/BALCONE-3-1-1-scaled-640x427.jpg\" data-link=\"\"><\/div><section class=\"cq-parallaxsection\" style=\"color:#333;background:#FFF;padding:2% 5%;\"><\/p>\n<h2>I nostri servizi<\/h2>\n<p>L&#8217;appartamento e&#8217; abilitato per 5 persone. Casa imposta in due stanze in cui una camera letto con un letto matrimoniale, e un salotto con il divano letto. C&#8217;e una possibilita&#8217; di aggiungere un lettino pieghevole per la quinta persona.<\/p>\n<p><br \/>\n<\/section><div class=\"cq-parallaximage\" data-image=\"https:\/\/www.occhisulmareapartment.com\/wp-content\/uploads\/2023\/08\/CUCINA-1-scaled.jpg\" data-width=\"2560\" data-height=\"1712\" data-image-mobile=\"https:\/\/www.occhisulmareapartment.com\/wp-content\/uploads\/2023\/08\/CUCINA-1-scaled-640x428.jpg\" data-link=\"\"><\/div><section class=\"cq-parallaxsection\" style=\"color:#333;background:#FFF;padding:2% 5%;\"><\/p>\n<h2 style=\"text-align: left;\">Cose da vedere in zona<\/h2>\n<p>&nbsp;<\/p>\n<p><\/section><div class=\"cq-parallaximage\" data-image=\"https:\/\/www.occhisulmareapartment.com\/wp-content\/uploads\/2023\/08\/SALONE-1-scaled.jpg\" data-width=\"2560\" data-height=\"1708\" data-image-mobile=\"https:\/\/www.occhisulmareapartment.com\/wp-content\/uploads\/2023\/08\/SALONE-1-scaled-640x427.jpg\" data-link=\"\"><\/div><\/div>[\/vc_column][vc_column][vc_empty_space height=&#8221;30px&#8221;][vc_column_text]<\/p>\n<h2 style=\"text-align: center;\">UN PO DI PIU&#8217; SULLA ZONA<\/h2>\n<p style=\"text-align: center;\">L&#8217;appartamento \u00e8 situato a pochissimi kilometri dal centro di Catania e non lontano da Taormina. Capo Mulini, inoltre, \u00e8 famosa per i suoi numerosissimi locali in cui mangiare del buon pesce fresco e sorseggiare del vino locale che render\u00e0 il soggiorno un\u2019occasione unica per arricchire il proprio palato con i sapori e i profumi della terra siciliana. Per gli amanti del &#8220;Fai da te&#8221;, non lontano dalla casa, \u00e8 presente un supermercato fornito di tutto il necessario per organizzare una cena romantica a lume di candela nello spazio relax pensato appositamente per gli ospiti.<\/p>\n<p>[\/vc_column_text][vc_empty_space height=&#8221;60px&#8221;][\/vc_column][\/vc_row][vc_row][vc_column width=&#8221;2\/3&#8243;][vc_gmaps link=&#8221;#E-8_JTNDaWZyYW1lJTIwc3JjJTNEJTIyaHR0cHMlM0ElMkYlMkZ3d3cuZ29vZ2xlLmNvbSUyRm1hcHMlMkZlbWJlZCUzRnBiJTNEJTIxMW0xOCUyMTFtMTIlMjExbTMlMjExZDU0NzMuNjk4NzEzMjEyMTczJTIxMmQxNS4xNjg2MTg1NTc4MjYzNzQlMjEzZDM3LjU3ODAwODk4OTMwNzQzJTIxMm0zJTIxMWYwJTIxMmYwJTIxM2YwJTIxM20yJTIxMWkxMDI0JTIxMmk3NjglMjE0ZjEzLjElMjEzbTMlMjExbTIlMjExczB4MTMxM2ZiYmJmZDQyNmIzMyUyNTNBMHg1OTI3ODU5YzUwOWM4Y2E3JTIxMnNPY2NoaSUyNTIwc3VsJTI1MjBtYXJlJTI1MjBBcGFydG1lbnQlMjE1ZTAlMjEzbTIlMjExc3BsJTIxMnNpdCUyMTR2MTY5MTI1OTg2ODEyMyUyMTVtMiUyMTFzcGwlMjEyc2l0JTIyJTIwd2lkdGglM0QlMjI2MDAlMjIlMjBoZWlnaHQlM0QlMjI0NTAlMjIlMjBzdHlsZSUzRCUyMmJvcmRlciUzQTAlM0IlMjIlMjBhbGxvd2Z1bGxzY3JlZW4lM0QlMjIlMjIlMjBsb2FkaW5nJTNEJTIybGF6eSUyMiUyMHJlZmVycmVycG9saWN5JTNEJTIybm8tcmVmZXJyZXItd2hlbi1kb3duZ3JhZGUlMjIlM0UlM0MlMkZpZnJhbWUlM0U=&#8221;][\/vc_column][vc_column width=&#8221;1\/3&#8243;][vc_empty_space height=&#8221;60px&#8221;][vc_column_text]<\/p>\n<h2><strong>Dove siamo<\/strong><\/h2>\n<p>Via Capomulini 36<br \/>\n95024 Acireale (CT)<br \/>\nItalia[\/vc_column_text][\/vc_column][\/vc_row]<\/p>\n<\/section>","protected":false},"excerpt":{"rendered":"<p>[vc_row][vc_column][vc_empty_space height=&#8221;30px&#8221;][vc_column_text] CHI SIAMO La nostra idea nasce dal lavoro di Francesco e Marta che nel 2021 iniziano i lavori di ristrutturazione di un appartamento lasciato dalla nonna Nina, che amava vivere in quella casa e ne ammirava giornalmente il suo panorama, attratta come sempre, dal passaggio delle grandi imbarcazioni che si scorgono al largo [&hellip;]<\/p>\n","protected":false},"author":1,"featured_media":0,"parent":0,"menu_order":0,"comment_status":"closed","ping_status":"closed","template":"","meta":{"footnotes":""},"class_list":["post-57","page","type-page","status-publish","hentry"],"featured_media_urls":[],"_links":{"self":[{"href":"https:\/\/www.occhisulmareapartment.com\/index.php?rest_route=\/wp\/v2\/pages\/57","targetHints":{"allow":["GET"]}}],"collection":[{"href":"https:\/\/www.occhisulmareapartment.com\/index.php?rest_route=\/wp\/v2\/pages"}],"about":[{"href":"https:\/\/www.occhisulmareapartment.com\/index.php?rest_route=\/wp\/v2\/types\/page"}],"author":[{"embeddable":true,"href":"https:\/\/www.occhisulmareapartment.com\/index.php?rest_route=\/wp\/v2\/users\/1"}],"replies":[{"embeddable":true,"href":"https:\/\/www.occhisulmareapartment.com\/index.php?rest_route=%2Fwp%2Fv2%2Fcomments&post=57"}],"version-history":[{"count":17,"href":"https:\/\/www.occhisulmareapartment.com\/index.php?rest_route=\/wp\/v2\/pages\/57\/revisions"}],"predecessor-version":[{"id":68,"href":"https:\/\/www.occhisulmareapartment.com\/index.php?rest_route=\/wp\/v2\/pages\/57\/revisions\/68"}],"wp:attachment":[{"href":"https:\/\/www.occhisulmareapartment.com\/index.php?rest_route=%2Fwp%2Fv2%2Fmedia&parent=57"}],"curies":[{"name":"wp","href":"https:\/\/api.w.org\/{rel}","templated":true}]}}